{"id":758,"date":"2018-12-21T11:13:13","date_gmt":"2018-12-21T11:13:13","guid":{"rendered":"http:\/\/pixelmade.dk\/?page_id=758"},"modified":"2020-03-05T07:50:59","modified_gmt":"2020-03-05T07:50:59","slug":"online-marketing","status":"publish","type":"page","link":"https:\/\/pixelmade.dk\/en\/online-marketing\/","title":{"rendered":"ONLINE MARKETING"},"content":{"rendered":"<p>[et_pb_section fb_built=&#8221;1&#8243; _builder_version=&#8221;3.22&#8243;][et_pb_row _builder_version=&#8221;3.25&#8243; column_structure=&#8221;2_3,1_3&#8243;][et_pb_column type=&#8221;2_3&#8243; _builder_version=&#8221;3.25&#8243; custom_padding=&#8221;|||&#8221; custom_padding__hover=&#8221;|||&#8221;][et_pb_text _builder_version=&#8221;4.2&#8243; hover_enabled=&#8221;0&#8243;]<\/p>\n<h1>Online Marketing<\/h1>\n<p>Der er flere forskellige discipliner inden for Online Marketing. F\u00e6lles for dem alle er at de gerne skal hj\u00e6lpe dit site eller din webshop med at f\u00e5 flere konverteringer, alts\u00e5 at f\u00e5 dine bes\u00f8gende til at foretage en bestemt handling fx. ved at tilmelde sig dit nyhedsbrev, kontakte dig eller gennemf\u00f8re et k\u00f8b i din webshop.<\/p>\n<p>Vi kan hj\u00e6lpe dig med at blive synlig online, s\u00e5 du bliver fundet der, hvor din m\u00e5lgruppe s\u00f8ger efter dig. De kanaler inden for online marketing som vi er specialiseret i og som vi opfatter som helt afg\u00f8rende at fokusere din indsats p\u00e5 er:<\/p>\n<ul>\n<li>Sociale medier: Facebook, LinkedIn<\/li>\n<li>E-mail marketing: Campaign Monitor<\/li>\n<li>S\u00f8gemaskiner: Google Ads,\u00a0<a href=\"http:\/\/pixelmade.dk\/seo\/\">SEO<\/a><\/li>\n<li>Affiliate Marketing<\/li>\n<\/ul>\n<p>Vi bakker naturligvis vores online marketing aktiviteter op med analyser, fx. Facebook Analytics og Google Analytics, s\u00e5 du kan se de resultater vi skaber sammen med dig.<\/p>\n<p>[\/et_pb_text][\/et_pb_column][et_pb_column type=&#8221;1_3&#8243; _builder_version=&#8221;3.25&#8243; custom_padding=&#8221;|||&#8221; custom_padding__hover=&#8221;|||&#8221;][et_pb_image src=&#8221;http:\/\/pixelmade.dk\/wp-content\/uploads\/2018\/12\/online-marketing.png&#8221; url_new_window=&#8221;on&#8221; align_tablet=&#8221;center&#8221; align_last_edited=&#8221;on|desktop&#8221; admin_label=&#8221;online marketing&#8221; _builder_version=&#8221;3.23&#8243;][\/et_pb_image][et_pb_contact_form captcha=&#8221;off&#8221; email=&#8221;info@pixelmade.dk&#8221; title=&#8221;H\u00f8r mere om online marketing:&#8221; custom_message=&#8221;Navn: %%name%%||et_pb_line_break_holder||Email: %%email%%||et_pb_line_break_holder||Telefon: %%phone%%&#8221; success_message=&#8221;Tak for din henvendelse, du vil blive kontaktet snarest.&#8221; submit_button_text=&#8221;Jeg vil gerne kontaktes&#8221; admin_label=&#8221;H\u00f8r mere om online marketing&#8221; _builder_version=&#8221;3.19&#8243; custom_button=&#8221;on&#8221; button_text_color=&#8221;#333333&#8243; button_border_color=&#8221;#666666&#8243; button_use_icon=&#8221;off&#8221; text_orientation=&#8221;left&#8221; custom_padding=&#8221;||40px|&#8221; button_text_color_hover=&#8221;#ffffff&#8221; button_bg_color_hover=&#8221;#99cc00&#8243; button_border_color_hover=&#8221;#99cc00&#8243;][et_pb_contact_field field_id=&#8221;Name&#8221; field_title=&#8221;Navn&#8221; fullwidth_field=&#8221;on&#8221; _builder_version=&#8221;3.16&#8243; custom_padding=&#8221;||20px|&#8221; custom_padding_tablet=&#8221;20px|||20px&#8221; custom_padding_phone=&#8221;20px|||20px&#8221; button_text_size__hover_enabled=&#8221;off&#8221; button_one_text_size__hover_enabled=&#8221;off&#8221; button_two_text_size__hover_enabled=&#8221;off&#8221; button_text_color__hover_enabled=&#8221;off&#8221; button_one_text_color__hover_enabled=&#8221;off&#8221; button_two_text_color__hover_enabled=&#8221;off&#8221; button_border_width__hover_enabled=&#8221;off&#8221; button_one_border_width__hover_enabled=&#8221;off&#8221; button_two_border_width__hover_enabled=&#8221;off&#8221; button_border_color__hover_enabled=&#8221;off&#8221; button_one_border_color__hover_enabled=&#8221;off&#8221; button_two_border_color__hover_enabled=&#8221;off&#8221; button_border_radius__hover_enabled=&#8221;off&#8221; button_one_border_radius__hover_enabled=&#8221;off&#8221; button_two_border_radius__hover_enabled=&#8221;off&#8221; button_letter_spacing__hover_enabled=&#8221;off&#8221; button_one_letter_spacing__hover_enabled=&#8221;off&#8221; button_two_letter_spacing__hover_enabled=&#8221;off&#8221; button_bg_color__hover_enabled=&#8221;off&#8221; button_one_bg_color__hover_enabled=&#8221;off&#8221; button_two_bg_color__hover_enabled=&#8221;off&#8221;][\/et_pb_contact_field][et_pb_contact_field field_id=&#8221;Email&#8221; field_title=&#8221;Email&#8221; field_type=&#8221;email&#8221; fullwidth_field=&#8221;on&#8221; _builder_version=&#8221;3.16&#8243; custom_padding=&#8221;||20px|&#8221; custom_padding_tablet=&#8221;||50px|&#8221; custom_padding_phone=&#8221;||50px|&#8221; button_text_size__hover_enabled=&#8221;off&#8221; button_one_text_size__hover_enabled=&#8221;off&#8221; button_two_text_size__hover_enabled=&#8221;off&#8221; button_text_color__hover_enabled=&#8221;off&#8221; button_one_text_color__hover_enabled=&#8221;off&#8221; button_two_text_color__hover_enabled=&#8221;off&#8221; button_border_width__hover_enabled=&#8221;off&#8221; button_one_border_width__hover_enabled=&#8221;off&#8221; button_two_border_width__hover_enabled=&#8221;off&#8221; button_border_color__hover_enabled=&#8221;off&#8221; button_one_border_color__hover_enabled=&#8221;off&#8221; button_two_border_color__hover_enabled=&#8221;off&#8221; button_border_radius__hover_enabled=&#8221;off&#8221; button_one_border_radius__hover_enabled=&#8221;off&#8221; button_two_border_radius__hover_enabled=&#8221;off&#8221; button_letter_spacing__hover_enabled=&#8221;off&#8221; button_one_letter_spacing__hover_enabled=&#8221;off&#8221; button_two_letter_spacing__hover_enabled=&#8221;off&#8221; button_bg_color__hover_enabled=&#8221;off&#8221; button_one_bg_color__hover_enabled=&#8221;off&#8221; button_two_bg_color__hover_enabled=&#8221;off&#8221;][\/et_pb_contact_field][et_pb_contact_field field_id=&#8221;Phone&#8221; field_title=&#8221;Telefon&#8221; max_length=&#8221;8&#8243; allowed_symbols=&#8221;numbers&#8221; required_mark=&#8221;off&#8221; fullwidth_field=&#8221;on&#8221; _builder_version=&#8221;3.16&#8243; custom_padding=&#8221;||20px|&#8221; custom_padding_tablet=&#8221;||50px|&#8221; custom_padding_phone=&#8221;||50px|&#8221; button_text_size__hover_enabled=&#8221;off&#8221; button_one_text_size__hover_enabled=&#8221;off&#8221; button_two_text_size__hover_enabled=&#8221;off&#8221; button_text_color__hover_enabled=&#8221;off&#8221; button_one_text_color__hover_enabled=&#8221;off&#8221; button_two_text_color__hover_enabled=&#8221;off&#8221; button_border_width__hover_enabled=&#8221;off&#8221; button_one_border_width__hover_enabled=&#8221;off&#8221; button_two_border_width__hover_enabled=&#8221;off&#8221; button_border_color__hover_enabled=&#8221;off&#8221; button_one_border_color__hover_enabled=&#8221;off&#8221; button_two_border_color__hover_enabled=&#8221;off&#8221; button_border_radius__hover_enabled=&#8221;off&#8221; button_one_border_radius__hover_enabled=&#8221;off&#8221; button_two_border_radius__hover_enabled=&#8221;off&#8221; button_letter_spacing__hover_enabled=&#8221;off&#8221; button_one_letter_spacing__hover_enabled=&#8221;off&#8221; button_two_letter_spacing__hover_enabled=&#8221;off&#8221; button_bg_color__hover_enabled=&#8221;off&#8221; button_one_bg_color__hover_enabled=&#8221;off&#8221; button_two_bg_color__hover_enabled=&#8221;off&#8221;][\/et_pb_contact_field][\/et_pb_contact_form][et_pb_image src=&#8221;betalingskort&#8221; align_tablet=&#8221;center&#8221; align_last_edited=&#8221;on|desktop&#8221; admin_label=&#8221;betalingskort&#8221; _builder_version=&#8221;3.23&#8243;][\/et_pb_image][\/et_pb_column][\/et_pb_row][et_pb_row _builder_version=&#8221;3.25&#8243; background_size=&#8221;initial&#8221; background_position=&#8221;top_left&#8221; background_repeat=&#8221;repeat&#8221; column_structure=&#8221;1_4,1_4,1_4,1_4&#8243;][et_pb_column type=&#8221;1_4&#8243; _builder_version=&#8221;3.25&#8243; custom_padding=&#8221;|||&#8221; custom_padding__hover=&#8221;|||&#8221;][et_pb_image src=&#8221;http:\/\/pixelmade.dk\/wp-content\/uploads\/2018\/12\/facebook-linkedin.png&#8221; url_new_window=&#8221;on&#8221; align_tablet=&#8221;center&#8221; align_last_edited=&#8221;on|desktop&#8221; admin_label=&#8221;facebook linkedin&#8221; _builder_version=&#8221;3.23&#8243;][\/et_pb_image][\/et_pb_column][et_pb_column type=&#8221;1_4&#8243; _builder_version=&#8221;3.25&#8243; custom_padding=&#8221;|||&#8221; custom_padding__hover=&#8221;|||&#8221;][et_pb_image src=&#8221;http:\/\/pixelmade.dk\/wp-content\/uploads\/2018\/12\/e-mail.png&#8221; url_new_window=&#8221;on&#8221; align_tablet=&#8221;center&#8221; align_last_edited=&#8221;on|desktop&#8221; admin_label=&#8221;e-mail&#8221; _builder_version=&#8221;3.23&#8243;][\/et_pb_image][\/et_pb_column][et_pb_column type=&#8221;1_4&#8243; _builder_version=&#8221;3.25&#8243; custom_padding=&#8221;|||&#8221; custom_padding__hover=&#8221;|||&#8221;][et_pb_image src=&#8221;http:\/\/pixelmade.dk\/wp-content\/uploads\/2018\/12\/google-ads2.png&#8221; url_new_window=&#8221;on&#8221; align_tablet=&#8221;center&#8221; align_last_edited=&#8221;on|desktop&#8221; admin_label=&#8221;google ads&#8221; _builder_version=&#8221;3.23&#8243;][\/et_pb_image][\/et_pb_column][et_pb_column type=&#8221;1_4&#8243; _builder_version=&#8221;3.25&#8243; custom_padding=&#8221;|||&#8221; custom_padding__hover=&#8221;|||&#8221;][et_pb_image src=&#8221;http:\/\/pixelmade.dk\/wp-content\/uploads\/2018\/12\/analytics.png&#8221; url_new_window=&#8221;on&#8221; align_tablet=&#8221;center&#8221; align_last_edited=&#8221;on|desktop&#8221; admin_label=&#8221;analytics&#8221; _builder_version=&#8221;3.23&#8243;][\/et_pb_image][\/et_pb_column][\/et_pb_row][\/et_pb_section]<\/p>\n","protected":false},"excerpt":{"rendered":"<p>Online Marketing Der er flere forskellige discipliner inden for Online Marketing. F\u00e6lles for dem alle er at de gerne skal hj\u00e6lpe dit site eller din webshop med at f\u00e5 flere konverteringer, alts\u00e5 at f\u00e5 dine bes\u00f8gende til at foretage en bestemt handling fx. ved at tilmelde sig dit nyhedsbrev, kontakte dig eller gennemf\u00f8re et k\u00f8b [&hellip;]<\/p>\n","protected":false},"author":1,"featured_media":0,"parent":0,"menu_order":0,"comment_status":"closed","ping_status":"closed","template":"","meta":{"_et_pb_use_builder":"on","_et_pb_old_content":"<p>1<\/p>","_et_gb_content_width":"","footnotes":""},"class_list":["post-758","page","type-page","status-publish","hentry"],"_links":{"self":[{"href":"https:\/\/pixelmade.dk\/en\/wp-json\/wp\/v2\/pages\/758","targetHints":{"allow":["GET"]}}],"collection":[{"href":"https:\/\/pixelmade.dk\/en\/wp-json\/wp\/v2\/pages"}],"about":[{"href":"https:\/\/pixelmade.dk\/en\/wp-json\/wp\/v2\/types\/page"}],"author":[{"embeddable":true,"href":"https:\/\/pixelmade.dk\/en\/wp-json\/wp\/v2\/users\/1"}],"replies":[{"embeddable":true,"href":"https:\/\/pixelmade.dk\/en\/wp-json\/wp\/v2\/comments?post=758"}],"version-history":[{"count":8,"href":"https:\/\/pixelmade.dk\/en\/wp-json\/wp\/v2\/pages\/758\/revisions"}],"predecessor-version":[{"id":980,"href":"https:\/\/pixelmade.dk\/en\/wp-json\/wp\/v2\/pages\/758\/revisions\/980"}],"wp:attachment":[{"href":"https:\/\/pixelmade.dk\/en\/wp-json\/wp\/v2\/media?parent=758"}],"curies":[{"name":"wp","href":"https:\/\/api.w.org\/{rel}","templated":true}]}}