{"id":629,"date":"2018-06-01T09:47:25","date_gmt":"2018-06-01T09:47:25","guid":{"rendered":"http:\/\/pixelmade.dk\/?page_id=629"},"modified":"2020-01-28T12:12:57","modified_gmt":"2020-01-28T12:12:57","slug":"e-commerce","status":"publish","type":"page","link":"https:\/\/pixelmade.dk\/en\/e-commerce\/","title":{"rendered":"E-COMMERCE"},"content":{"rendered":"<p>[et_pb_section fb_built=&#8221;1&#8243; _builder_version=&#8221;3.22&#8243;][et_pb_row column_structure=&#8221;2_3,1_3&#8243; _builder_version=&#8221;3.25&#8243;][et_pb_column type=&#8221;2_3&#8243; _builder_version=&#8221;3.25&#8243; custom_padding=&#8221;|||&#8221; custom_padding__hover=&#8221;|||&#8221;][et_pb_text _builder_version=&#8221;4.2&#8243; hover_enabled=&#8221;0&#8243;]<\/p>\n<h1>E-commerce<\/h1>\n<p>Vi tilbyder flere forskellige l\u00f8sninger, n\u00e5r det kommer til handel online.<\/p>\n<p>Hvis du g\u00e5r efter en reel shop, med masser af funktionalitet, s\u00e5 vil vi typisk bygge den omkring <a href=\"https:\/\/woocommerce.com\/?aff=28311&amp;cid=2867889\" target=\"_blank\" rel=\"noopener noreferrer\">WooCommerce<\/a>, som er en udvidelse til\u00a0 WordPress.<\/p>\n<p>Er du mere interesseret i at s\u00e6lge et enkelt produkt digitalt, kan vi hj\u00e6lpe dig med en mere simpel l\u00f8sning, som ogs\u00e5 bruger WordPress som platform, men typisk er bygget op omkring en mindre kr\u00e6vende udvidelse.<\/p>\n<p>Som b\u00e5de ePay Partner og PayPal Partner, tilbyder vi endvidere\u00a0implementering, support og r\u00e5dgivning om disse betalingsl\u00f8sninger &#8211; ogs\u00e5 selvom du ikke \u00f8nsker at anvende WordPress som platform til din shop.<\/p>\n<p>De typiske betalingsl\u00f8sninger vi arbejder med er <a href=\"http:\/\/www.epay.dk\/epay-payment-solutions\/\" target=\"_blank\" rel=\"noopener noreferrer\">ePay<\/a>, <a href=\"https:\/\/mobilepay.dk\/erhverv#Solutions\" target=\"_blank\" rel=\"noopener noreferrer\">MobilePay<\/a>, <a href=\"https:\/\/www.paypal.com\/dk\/webapps\/mpp\/merchant\" target=\"_blank\" rel=\"noopener noreferrer\">PayPal<\/a> og <a href=\"https:\/\/stripe.com\/dk\" target=\"_blank\" rel=\"noopener noreferrer\">Stripe<\/a>.<\/p>\n<p>[\/et_pb_text][\/et_pb_column][et_pb_column type=&#8221;1_3&#8243; _builder_version=&#8221;3.25&#8243; custom_padding=&#8221;|||&#8221; custom_padding__hover=&#8221;|||&#8221;][et_pb_image src=&#8221;http:\/\/pixelmade.dk\/wp-content\/uploads\/2018\/06\/woocommerce.gif&#8221; url_new_window=&#8221;on&#8221; align_tablet=&#8221;center&#8221; align_phone=&#8221;&#8221; align_last_edited=&#8221;on|desktop&#8221; admin_label=&#8221;woocommerce&#8221; _builder_version=&#8221;3.23&#8243;][\/et_pb_image][et_pb_contact_form captcha=&#8221;off&#8221; email=&#8221;info@pixelmade.dk&#8221; title=&#8221;H\u00f8r mere om e-commerce:&#8221; custom_message=&#8221;Navn: %%name%%||et_pb_line_break_holder||Email: %%email%%||et_pb_line_break_holder||Telefon: %%phone%%&#8221; success_message=&#8221;Tak for din henvendelse, du vil blive kontaktet snarest.&#8221; submit_button_text=&#8221;Jeg vil gerne kontaktes&#8221; admin_label=&#8221;H\u00f8r mere om e-commerce&#8221; _builder_version=&#8221;3.5&#8243; custom_button=&#8221;on&#8221; button_text_color=&#8221;#333333&#8243; button_border_color=&#8221;#666666&#8243; button_use_icon=&#8221;off&#8221; text_orientation=&#8221;left&#8221; custom_padding=&#8221;||40px|&#8221; button_text_color_hover=&#8221;#ffffff&#8221; button_bg_color_hover=&#8221;#99cc00&#8243; button_border_color_hover=&#8221;#99cc00&#8243;][et_pb_contact_field field_id=&#8221;Name&#8221; field_title=&#8221;Navn&#8221; fullwidth_field=&#8221;on&#8221; _builder_version=&#8221;3.16&#8243; custom_padding=&#8221;||20px|&#8221; custom_padding_tablet=&#8221;20px|||20px&#8221; custom_padding_phone=&#8221;20px|||20px&#8221; button_text_size__hover_enabled=&#8221;off&#8221; button_one_text_size__hover_enabled=&#8221;off&#8221; button_two_text_size__hover_enabled=&#8221;off&#8221; button_text_color__hover_enabled=&#8221;off&#8221; button_one_text_color__hover_enabled=&#8221;off&#8221; button_two_text_color__hover_enabled=&#8221;off&#8221; button_border_width__hover_enabled=&#8221;off&#8221; button_one_border_width__hover_enabled=&#8221;off&#8221; button_two_border_width__hover_enabled=&#8221;off&#8221; button_border_color__hover_enabled=&#8221;off&#8221; button_one_border_color__hover_enabled=&#8221;off&#8221; button_two_border_color__hover_enabled=&#8221;off&#8221; button_border_radius__hover_enabled=&#8221;off&#8221; button_one_border_radius__hover_enabled=&#8221;off&#8221; button_two_border_radius__hover_enabled=&#8221;off&#8221; button_letter_spacing__hover_enabled=&#8221;off&#8221; button_one_letter_spacing__hover_enabled=&#8221;off&#8221; button_two_letter_spacing__hover_enabled=&#8221;off&#8221; button_bg_color__hover_enabled=&#8221;off&#8221; button_one_bg_color__hover_enabled=&#8221;off&#8221; button_two_bg_color__hover_enabled=&#8221;off&#8221;][\/et_pb_contact_field][et_pb_contact_field field_id=&#8221;Email&#8221; field_title=&#8221;Email&#8221; field_type=&#8221;email&#8221; fullwidth_field=&#8221;on&#8221; _builder_version=&#8221;3.16&#8243; custom_padding=&#8221;||20px|&#8221; custom_padding_tablet=&#8221;||50px|&#8221; custom_padding_phone=&#8221;||50px|&#8221; button_text_size__hover_enabled=&#8221;off&#8221; button_one_text_size__hover_enabled=&#8221;off&#8221; button_two_text_size__hover_enabled=&#8221;off&#8221; button_text_color__hover_enabled=&#8221;off&#8221; button_one_text_color__hover_enabled=&#8221;off&#8221; button_two_text_color__hover_enabled=&#8221;off&#8221; button_border_width__hover_enabled=&#8221;off&#8221; button_one_border_width__hover_enabled=&#8221;off&#8221; button_two_border_width__hover_enabled=&#8221;off&#8221; button_border_color__hover_enabled=&#8221;off&#8221; button_one_border_color__hover_enabled=&#8221;off&#8221; button_two_border_color__hover_enabled=&#8221;off&#8221; button_border_radius__hover_enabled=&#8221;off&#8221; button_one_border_radius__hover_enabled=&#8221;off&#8221; button_two_border_radius__hover_enabled=&#8221;off&#8221; button_letter_spacing__hover_enabled=&#8221;off&#8221; button_one_letter_spacing__hover_enabled=&#8221;off&#8221; button_two_letter_spacing__hover_enabled=&#8221;off&#8221; button_bg_color__hover_enabled=&#8221;off&#8221; button_one_bg_color__hover_enabled=&#8221;off&#8221; button_two_bg_color__hover_enabled=&#8221;off&#8221;][\/et_pb_contact_field][et_pb_contact_field field_id=&#8221;Phone&#8221; field_title=&#8221;Telefon&#8221; max_length=&#8221;8&#8243; allowed_symbols=&#8221;numbers&#8221; required_mark=&#8221;off&#8221; fullwidth_field=&#8221;on&#8221; _builder_version=&#8221;3.16&#8243; custom_padding=&#8221;||20px|&#8221; custom_padding_tablet=&#8221;||50px|&#8221; custom_padding_phone=&#8221;||50px|&#8221; button_text_size__hover_enabled=&#8221;off&#8221; button_one_text_size__hover_enabled=&#8221;off&#8221; button_two_text_size__hover_enabled=&#8221;off&#8221; button_text_color__hover_enabled=&#8221;off&#8221; button_one_text_color__hover_enabled=&#8221;off&#8221; button_two_text_color__hover_enabled=&#8221;off&#8221; button_border_width__hover_enabled=&#8221;off&#8221; button_one_border_width__hover_enabled=&#8221;off&#8221; button_two_border_width__hover_enabled=&#8221;off&#8221; button_border_color__hover_enabled=&#8221;off&#8221; button_one_border_color__hover_enabled=&#8221;off&#8221; button_two_border_color__hover_enabled=&#8221;off&#8221; button_border_radius__hover_enabled=&#8221;off&#8221; button_one_border_radius__hover_enabled=&#8221;off&#8221; button_two_border_radius__hover_enabled=&#8221;off&#8221; button_letter_spacing__hover_enabled=&#8221;off&#8221; button_one_letter_spacing__hover_enabled=&#8221;off&#8221; button_two_letter_spacing__hover_enabled=&#8221;off&#8221; button_bg_color__hover_enabled=&#8221;off&#8221; button_one_bg_color__hover_enabled=&#8221;off&#8221; button_two_bg_color__hover_enabled=&#8221;off&#8221;][\/et_pb_contact_field][\/et_pb_contact_form][et_pb_image src=&#8221;betalingskort&#8221; align_tablet=&#8221;center&#8221; align_phone=&#8221;&#8221; align_last_edited=&#8221;on|desktop&#8221; admin_label=&#8221;betalingskort&#8221; _builder_version=&#8221;3.23&#8243;][\/et_pb_image][\/et_pb_column][\/et_pb_row][et_pb_row column_structure=&#8221;1_4,1_4,1_4,1_4&#8243; _builder_version=&#8221;3.25&#8243; background_size=&#8221;initial&#8221; background_position=&#8221;top_left&#8221; background_repeat=&#8221;repeat&#8221;][et_pb_column type=&#8221;1_4&#8243; _builder_version=&#8221;3.25&#8243; custom_padding=&#8221;|||&#8221; custom_padding__hover=&#8221;|||&#8221;][et_pb_image src=&#8221;http:\/\/pixelmade.dk\/wp-content\/uploads\/2018\/06\/epay.gif&#8221; url_new_window=&#8221;on&#8221; align_tablet=&#8221;center&#8221; align_phone=&#8221;&#8221; align_last_edited=&#8221;on|desktop&#8221; admin_label=&#8221;epay&#8221; _builder_version=&#8221;3.23&#8243;][\/et_pb_image][\/et_pb_column][et_pb_column type=&#8221;1_4&#8243; _builder_version=&#8221;3.25&#8243; custom_padding=&#8221;|||&#8221; custom_padding__hover=&#8221;|||&#8221;][et_pb_image src=&#8221;http:\/\/pixelmade.dk\/wp-content\/uploads\/2018\/06\/mobilepay.gif&#8221; url_new_window=&#8221;on&#8221; align_tablet=&#8221;center&#8221; align_phone=&#8221;&#8221; align_last_edited=&#8221;on|desktop&#8221; admin_label=&#8221;mobilepay&#8221; _builder_version=&#8221;3.23&#8243;][\/et_pb_image][\/et_pb_column][et_pb_column type=&#8221;1_4&#8243; _builder_version=&#8221;3.25&#8243; custom_padding=&#8221;|||&#8221; custom_padding__hover=&#8221;|||&#8221;][et_pb_image src=&#8221;http:\/\/pixelmade.dk\/wp-content\/uploads\/2018\/06\/paypal.gif&#8221; url_new_window=&#8221;on&#8221; align_tablet=&#8221;center&#8221; align_phone=&#8221;&#8221; align_last_edited=&#8221;on|desktop&#8221; admin_label=&#8221;paypal&#8221; _builder_version=&#8221;3.23&#8243;][\/et_pb_image][\/et_pb_column][et_pb_column type=&#8221;1_4&#8243; _builder_version=&#8221;3.25&#8243; custom_padding=&#8221;|||&#8221; custom_padding__hover=&#8221;|||&#8221;][et_pb_image src=&#8221;http:\/\/pixelmade.dk\/wp-content\/uploads\/2018\/06\/Stripe-logo.gif&#8221; url_new_window=&#8221;on&#8221; align_tablet=&#8221;center&#8221; align_phone=&#8221;&#8221; align_last_edited=&#8221;on|desktop&#8221; admin_label=&#8221;stripe&#8221; _builder_version=&#8221;3.23&#8243;][\/et_pb_image][\/et_pb_column][\/et_pb_row][\/et_pb_section]<\/p>\n","protected":false},"excerpt":{"rendered":"<p>E-commerce Vi tilbyder flere forskellige l\u00f8sninger, n\u00e5r det kommer til handel online. Hvis du g\u00e5r efter en reel shop, med masser af funktionalitet, s\u00e5 vil vi typisk bygge den omkring WooCommerce, som er en udvidelse til\u00a0 WordPress. Er du mere interesseret i at s\u00e6lge et enkelt produkt digitalt, kan vi hj\u00e6lpe dig med en mere [&hellip;]<\/p>\n","protected":false},"author":1,"featured_media":0,"parent":0,"menu_order":0,"comment_status":"closed","ping_status":"closed","template":"","meta":{"_et_pb_use_builder":"on","_et_pb_old_content":"<p>123<\/p>","_et_gb_content_width":"","footnotes":""},"class_list":["post-629","page","type-page","status-publish","hentry"],"_links":{"self":[{"href":"https:\/\/pixelmade.dk\/en\/wp-json\/wp\/v2\/pages\/629","targetHints":{"allow":["GET"]}}],"collection":[{"href":"https:\/\/pixelmade.dk\/en\/wp-json\/wp\/v2\/pages"}],"about":[{"href":"https:\/\/pixelmade.dk\/en\/wp-json\/wp\/v2\/types\/page"}],"author":[{"embeddable":true,"href":"https:\/\/pixelmade.dk\/en\/wp-json\/wp\/v2\/users\/1"}],"replies":[{"embeddable":true,"href":"https:\/\/pixelmade.dk\/en\/wp-json\/wp\/v2\/comments?post=629"}],"version-history":[{"count":3,"href":"https:\/\/pixelmade.dk\/en\/wp-json\/wp\/v2\/pages\/629\/revisions"}],"predecessor-version":[{"id":955,"href":"https:\/\/pixelmade.dk\/en\/wp-json\/wp\/v2\/pages\/629\/revisions\/955"}],"wp:attachment":[{"href":"https:\/\/pixelmade.dk\/en\/wp-json\/wp\/v2\/media?parent=629"}],"curies":[{"name":"wp","href":"https:\/\/api.w.org\/{rel}","templated":true}]}}